{"id":1002,"date":"2022-05-29T10:38:14","date_gmt":"2022-05-29T08:38:14","guid":{"rendered":"https:\/\/www.resallience.com\/mentions-legales\/"},"modified":"2024-08-14T09:36:32","modified_gmt":"2024-08-14T07:36:32","slug":"legal-notices","status":"publish","type":"page","link":"https:\/\/www.resallience.com\/en\/legal-notices\/","title":{"rendered":"Legal notices"},"content":{"rendered":"\n<section class=\"bloc bloc--gcom bloc--texte  \nbloc--padding-bottom--petit\">\n\n    <div class=\"frow gutters justify-center\" data-apparition>\n        <div class=\"col-md-12-14\">\n                            <p>Le pr\u00e9sent site est la propri\u00e9t\u00e9 de Resallience, inscrite au Registre du Commerce et des Soci\u00e9t\u00e9s de XXX dont le si\u00e8ge est :<br \/>\n6, Place du Colonel Bourgoin 75012 Paris<br \/>\nE-mail : contact[at]resallience.com<\/p>\n                    <\/div>\n    <\/div>\n\n<\/section>\n\n\n\n\r\n<div class=\"bloc--limite finfondnoir \" >\r\n    <\/div>\r\n\r\n\n\n\n<section class=\"bloc bloc--gcom bloc--texte  bloc--padding-top--petit\nbloc--padding-bottom--0\">\n\n    <div class=\"frow gutters justify-center\" data-apparition>\n        <div class=\"col-md-12-14\">\n                            <h2>Responsabilit\u00e9 \u00e9ditoriale<\/h2>\n<p class=\"paragraph_style margin-40\"><span class=\"font-bold\"><strong>Directeur de la Communication<\/strong> :<\/span>\u00a0<span class=\"ui-provider a b c d e f g h i j k l m n o p q r s t u v w x y z ab ac ae af ag ah ai aj ak\" dir=\"ltr\">Sixense Engineering<\/span><br \/>\n<strong>Responsable de la publication<\/strong> : Sixense Engineering<\/p>\n<p>&nbsp;<\/p>\n<p>Le site resallience.com est r\u00e9gi par le droit fran\u00e7ais ; les visiteurs ayant acc\u00e8s au site de l\u2019\u00e9tranger, doivent s\u2019assurer du respect des lois localement applicables.<br \/>\nLes mentions l\u00e9gales pouvant \u00eatre modifi\u00e9es \u00e0 tout moment et sans pr\u00e9avis, nous vous engageons \u00e0 les consulter r\u00e9guli\u00e8rement. Derni\u00e8re mise \u00e0 jour : 07\/11\/2022<\/p>\n<h2>H\u00e9bergement<\/h2>\n<p>L\u2019h\u00e9bergement du pr\u00e9sent site est assur\u00e9 par OVH : 2 rue Kellermann &#8211; 59 100 Roubaix &#8211; France<\/p>\n<h2>Propri\u00e9t\u00e9 intellectuelle<\/h2>\n<p>L\u2019ensemble de ce site rel\u00e8ve de la l\u00e9gislation fran\u00e7aise et internationale sur le droit d\u2019auteur et la propri\u00e9t\u00e9 intellectuelle. Tous les droits de reproduction sont r\u00e9serv\u00e9s, y compris pour les documents t\u00e9l\u00e9chargeables et les repr\u00e9sentations iconographiques et photographiques. Le contenu du site est, sauf mention contraire, la propri\u00e9t\u00e9 de Resallience. En cons\u00e9quence et sauf mention contraire, toute utilisation des contenus du site ne peut \u00eatre faite que moyennant l\u2019autorisation \u00e9crite de Resallience dont celle-ci reste seul juge. Toute reproduction ou repr\u00e9sentation m\u00eame partielle par quelque proc\u00e9d\u00e9 que ce soit, r\u00e9alis\u00e9e sans le consentement \u00e9crit de Resallience est interdite et illicite. Le non-respect de cette interdiction constitue une contrefa\u00e7on pouvant engager la responsabilit\u00e9 civile et p\u00e9nale du contrefacteur.<\/p>\n<h2>Technologies du site<\/h2>\n<p>Le site utilise la technologie HTML\/CSS, PHP et JavaScript.<\/p>\n<p>Le site Internet ne pourra \u00eatre tenu responsable de dommages mat\u00e9riels li\u00e9s \u00e0 l\u2019utilisation du site. De plus, l\u2019utilisateur du site s\u2019engage \u00e0 acc\u00e9der au site en utilisant un mat\u00e9riel r\u00e9cent, ne contenant pas de virus et avec un navigateur de derni\u00e8re g\u00e9n\u00e9ration mis-\u00e0-jour<\/p>\n<h2>Limites de responsabilit\u00e9<\/h2>\n<p>Resallience ne pourra \u00eatre tenue responsable des dommages directs et indirects caus\u00e9s au mat\u00e9riel de l\u2019utilisateur, lors de l\u2019acc\u00e8s au site resallience.com, et r\u00e9sultant soit de l\u2019utilisation d\u2019un mat\u00e9riel ne r\u00e9pondant pas aux sp\u00e9cifications indiqu\u00e9es au point 4, soit de l\u2019apparition d\u2019un bug ou d\u2019une incompatibilit\u00e9.<\/p>\n<p>Des espaces interactifs <em>(possibilit\u00e9 de poser des questions dans l\u2019espace contact)<\/em> sont \u00e0 la disposition des utilisateurs. Resallience se r\u00e9serve le droit de supprimer, sans mise en demeure pr\u00e9alable, tout contenu d\u00e9pos\u00e9 dans cet espace qui contreviendrait \u00e0 la l\u00e9gislation applicable en France, en particulier aux dispositions relatives \u00e0 la protection des donn\u00e9es. Le cas \u00e9ch\u00e9ant, Resallience se r\u00e9serve \u00e9galement la possibilit\u00e9 de mettre en cause la responsabilit\u00e9 civile et\/ou p\u00e9nale de l\u2019utilisateur, notamment en cas de message \u00e0 caract\u00e8re raciste, injurieux, diffamant, ou pornographique, quel que soit le support utilis\u00e9 <em>(texte, photographie).<\/em><\/p>\n<h2>Liens &amp; cookies<\/h2>\n<p>Le site resallience.com contient un certain nombre de liens hypertextes vers d\u2019autres sites, mis en place avec l\u2019autorisation de Resallience. Cependant, Resallience n\u2019a pas la possibilit\u00e9 de v\u00e9rifier le contenu des sites ainsi visit\u00e9s, et n\u2019assumera en cons\u00e9quence aucune responsabilit\u00e9 de ce fait.<\/p>\n<h2>Cr\u00e9dits photos<\/h2>\n<p><a href=\"https:\/\/unsplash.com\/\" target=\"_blank\" rel=\"noopener\">Unsplash<\/a><\/p>\n<p>&nbsp;<\/p>\n                    <\/div>\n    <\/div>\n\n<\/section>\n\n","protected":false},"excerpt":{"rendered":"","protected":false},"author":1,"featured_media":275,"parent":0,"menu_order":270,"comment_status":"closed","ping_status":"closed","template":"","meta":{"_acf_changed":false,"_crdt_document":"","footnotes":""},"class_list":["post-1002","page","type-page","status-publish","has-post-thumbnail","hentry"],"acf":[],"_links":{"self":[{"href":"https:\/\/www.resallience.com\/en\/wp-json\/wp\/v2\/pages\/1002","targetHints":{"allow":["GET"]}}],"collection":[{"href":"https:\/\/www.resallience.com\/en\/wp-json\/wp\/v2\/pages"}],"about":[{"href":"https:\/\/www.resallience.com\/en\/wp-json\/wp\/v2\/types\/page"}],"author":[{"embeddable":true,"href":"https:\/\/www.resallience.com\/en\/wp-json\/wp\/v2\/users\/1"}],"replies":[{"embeddable":true,"href":"https:\/\/www.resallience.com\/en\/wp-json\/wp\/v2\/comments?post=1002"}],"version-history":[{"count":4,"href":"https:\/\/www.resallience.com\/en\/wp-json\/wp\/v2\/pages\/1002\/revisions"}],"predecessor-version":[{"id":3280,"href":"https:\/\/www.resallience.com\/en\/wp-json\/wp\/v2\/pages\/1002\/revisions\/3280"}],"wp:featuredmedia":[{"embeddable":true,"href":"https:\/\/www.resallience.com\/en\/wp-json\/wp\/v2\/media\/275"}],"wp:attachment":[{"href":"https:\/\/www.resallience.com\/en\/wp-json\/wp\/v2\/media?parent=1002"}],"curies":[{"name":"wp","href":"https:\/\/api.w.org\/{rel}","templated":true}]}}