{"id":2184,"date":"2023-04-03T15:00:06","date_gmt":"2023-04-03T13:00:06","guid":{"rendered":"https:\/\/www.resallience.com\/resallience-lab\/nos-publications\/"},"modified":"2023-08-02T15:50:47","modified_gmt":"2023-08-02T13:50:47","slug":"nos-publications","status":"publish","type":"page","link":"https:\/\/www.resallience.com\/en\/resallience-lab\/nos-publications\/","title":{"rendered":"Our Publications"},"content":{"rendered":"\n<section class=\"bloc bloc--gcom bloc--texte  bloc--padding-top--petit\nbloc--padding-bottom--petit\">\n\n    <div class=\"frow gutters justify-center\" data-apparition>\n        <div class=\"col-md-12-14\">\n                            <p>Our team of experts works tirelessly to<strong> improve innovative solutions<\/strong> to address climate issues. To reach as many people as possible, we have decided to make part of our work public.<\/p>\n<p>You can find here the conclusions of our studies on <strong>resilience<\/strong>, territorial <strong>vulnerability\u00a0<\/strong> and the <strong>adaptation<\/strong> of infrastructures in the face of climate change.<\/p>\n                    <\/div>\n    <\/div>\n\n<\/section>\n\n\n\n\r\n<div class=\"bloc--limite finfondnoir \" >\r\n    <\/div>\r\n\r\n\n\n\r\n<section class=\"bloc bloc--gcom bloc--references bloc--publications bloc--padding-top--0bloc--padding-bottom--0\">\r\n    <div class=\"frow gutters\">\r\n        <div class=\"col-md-13-14\">\r\n\r\n                        \r\n                            <div class=\"references\">\r\n\r\n                    <div class=\"references__ligne references__ligne--entete\">\r\n                        <div class=\"annees\">Years<\/div>\r\n                        <div class=\"titre\">Project title<\/div>\r\n                        <div class=\"type-media\">Newspaper \/ Book \/ Magazine<\/div>\r\n                        <div class=\"auteur\">Authors<\/div>\r\n                    <\/div>\r\n\r\n                                            <div class=\"references__ligne\">\r\n                            <div class=\"annees\">2023<\/div>\r\n                            <div class=\"titre\"><a href=\"https:\/\/www.construction21.org\/france\/articles\/h\/resilheat-island-une-offre-d-ingenierie-integree-qui-s-adapte-aux-besoins-du-territoire-pour-augmenter-sa-resilience-aux-fortes-chaleurs.html target=\"_blank\">Resilheat Island, une offre qui s\u2019adapte aux besoins du territoire<\/a><\/div>\r\n                            <div class=\"type-media\">Construction21<\/div>\r\n                            <div class=\"auteur\">Castellanos A., Soto D., Selouane K., Ziv N<\/div>\r\n                        <\/div>\r\n                                            <div class=\"references__ligne\">\r\n                            <div class=\"annees\">2023<\/div>\r\n                            <div class=\"titre\"><a href=\"https:\/\/ieeexplore.ieee.org\/document\/10144167 target=\"_blank\">On the use of remote sensing and modeling techniques for urban heat detection, an operational study<\/a><\/div>\r\n                            <div class=\"type-media\">Proceedings of JURSE 2023. IEEE.<\/div>\r\n                            <div class=\"auteur\">Al Sayah M., Soto D., Nedjai R., Selouane K., Ziv N., Sohouenou P.<\/div>\r\n                        <\/div>\r\n                                            <div class=\"references__ligne\">\r\n                            <div class=\"annees\">2023<\/div>\r\n                            <div class=\"titre\">An innovative scenario-based modeling tool for the management of resilient water resources<\/div>\r\n                            <div class=\"type-media\">Proceedings of the 20th ISCRAM Conference<\/div>\r\n                            <div class=\"auteur\">Edjossan-Sossou A., Selouane K., Al Sayah M., Ouabou M., Vignote C., Capitaine M., Soto D., Edelblutte E<\/div>\r\n                        <\/div>\r\n                                            <div class=\"references__ligne\">\r\n                            <div class=\"annees\">2022<\/div>\r\n                            <div class=\"titre\"><a href=\"https:\/\/www.cairn.info\/guide-de-l-antifragilite--9782376877028-page-127.htm target=\"_blank\">R\u00e9silience des infrastructures face \u00e0 la vuln\u00e9rabilit\u00e9 des territoires<\/a><\/div>\r\n                            <div class=\"type-media\">Guide de l\u2019antifragilit\u00e9 <\/div>\r\n                            <div class=\"auteur\">Edjossan-Sossou, A. Selouane, K., Soto, D., Vignote, C., Ziv, N., Sohouenou, P<\/div>\r\n                        <\/div>\r\n                                            <div class=\"references__ligne\">\r\n                            <div class=\"annees\">2022<\/div>\r\n                            <div class=\"titre\"><a href=\"https:\/\/www.construction21.org\/france\/articles\/h\/le-diagnostic-de-performance-resilience-dpr-une-solution-innovante-pour-dimensionner-et-suivre-des-mesures-d-adaptation-et-d-attenuation-en-milieu-urbain.html target=\"_blank\">Int\u00e9r\u00eats d\u2019une convergence BIM-SIG pour acc\u00e9l\u00e9rer l\u2019adaptation au changement climatique des b\u00e2timents<\/a><\/div>\r\n                            <div class=\"type-media\">BIM et enjeux climatiques <\/div>\r\n                            <div class=\"auteur\">Soto, D., Selouane, K., Ziv, N., Bekombo-Priso, S.<\/div>\r\n                        <\/div>\r\n                                            <div class=\"references__ligne\">\r\n                            <div class=\"annees\">2022<\/div>\r\n                            <div class=\"titre\"><a href=\"https:\/\/izibook.eyrolles.com\/produit\/11031063\/9782212488173\/bim-et-enjeux-climatiques target=\"_blank\">R\u00e9silience climatique : piloter une strat\u00e9gie d\u2019adaptation et d\u2019att\u00e9nuation en milieu urbain gr\u00e2ce au BIM et au SIG<\/a><\/div>\r\n                            <div class=\"type-media\">Construction21<\/div>\r\n                            <div class=\"auteur\">Soto, D., Vignote, C., Selouane, K., Ziv, N. <\/div>\r\n                        <\/div>\r\n                                            <div class=\"references__ligne\">\r\n                            <div class=\"annees\">2022<\/div>\r\n                            <div class=\"titre\">The resilience performance assessment (RPA), an innovative solution to measure the balance between adaptation and mitigation investments for infrastructures, buildings and territories<\/div>\r\n                            <div class=\"type-media\">Les changements climatiques au Maroc : vuln\u00e9rabilit\u00e9, r\u00e9silience et adaptation<\/div>\r\n                            <div class=\"auteur\">Soto, D., Selouane, K., Al Sayah, M., Bekombo-Priso, S., Capitaine, M., Dutel, M., Edjossan-Sossou, A., Jirouskova, N., Mislimshoeva, B., Sohouenou, P., Vignote, C. Ziv, N<\/div>\r\n                        <\/div>\r\n                                            <div class=\"references__ligne\">\r\n                            <div class=\"annees\">2022<\/div>\r\n                            <div class=\"titre\">Infrastructure vulnerability assessment and NbS recommendation<\/div>\r\n                            <div class=\"type-media\">TERRA ENVISION <\/div>\r\n                            <div class=\"auteur\">Soto, D., Selouane, K., Edjossan-Sossou, A., Mislimshoeva, B.<\/div>\r\n                        <\/div>\r\n                                            <div class=\"references__ligne\">\r\n                            <div class=\"annees\">2022<\/div>\r\n                            <div class=\"titre\">On the use of the Resilience Performance Assessment framework for evaluating NbS-induced hydro-geomorphic connectivity<\/div>\r\n                            <div class=\"type-media\">TERRA ENVISION <\/div>\r\n                            <div class=\"auteur\">Soto, D., Selouane, K., Ziv, N. and Al Sayah, M.<\/div>\r\n                        <\/div>\r\n                                            <div class=\"references__ligne\">\r\n                            <div class=\"annees\">2022<\/div>\r\n                            <div class=\"titre\">R\u00e9flexions sur l\u2019adaptation des mod\u00e8les de thermique du b\u00e2timent, \u00e0 l\u2019\u00e9tude pluridisciplinaire des risques sanitaires li\u00e9s aux vagues de chaleur en zone urbaine<\/div>\r\n                            <div class=\"type-media\">Conf\u00e9rence IBPSA France <\/div>\r\n                            <div class=\"auteur\">Sondaz, C., Harpet, C., Kuznik, F., Soto, D., Merlier, L.<\/div>\r\n                        <\/div>\r\n                                            <div class=\"references__ligne\">\r\n                            <div class=\"annees\">2022<\/div>\r\n                            <div class=\"titre\">Etude prospective sur la r\u00e9silience des b\u00e2timents face aux canicule<\/div>\r\n                            <div class=\"type-media\">Conf\u00e9rence IBPSA France <\/div>\r\n                            <div class=\"auteur\">Monnier, R., Leroy, B., Lemonsu, A., Ouvrier Bonnaz, O., Fran\u00e7ois, E., Wurtz, E., Ziv, N., Selouane, K.,  Serodio E., Thiers, S., Peuportier B.<\/div>\r\n                        <\/div>\r\n                                            <div class=\"references__ligne\">\r\n                            <div class=\"annees\">2022<\/div>\r\n                            <div class=\"titre\">Adaptation to UHI, health and energy efficiency issues in cities in a context of climate change<\/div>\r\n                            <div class=\"type-media\">1st conference on Health and Environmental Resilience and Livability in Citie<\/div>\r\n                            <div class=\"auteur\">Selouane, K., Soto, D., Alonso, L.<\/div>\r\n                        <\/div>\r\n                                            <div class=\"references__ligne\">\r\n                            <div class=\"annees\">2022<\/div>\r\n                            <div class=\"titre\">Using GIS data and a composite resilience index to inform the strengthening of road infrastructures<\/div>\r\n                            <div class=\"type-media\">Actes du XVI\u00e8me Congr\u00e8s Mondial de Viabilit\u00e9 hivernale et R\u00e9silience de la Route<\/div>\r\n                            <div class=\"auteur\">Sohouenou, P., Selouane K., Soto D., Vignote C<\/div>\r\n                        <\/div>\r\n                                            <div class=\"references__ligne\">\r\n                            <div class=\"annees\">2021<\/div>\r\n                            <div class=\"titre\">Numerical modelling for a better adaptation of buildings to climate-change induced urban heat islands to optimize energy efficiency<\/div>\r\n                            <div class=\"type-media\">Climat urbain entre urbanisation et al\u00e9as \/ changements climatiques<\/div>\r\n                            <div class=\"auteur\">Selouane, K., Soto, D.<\/div>\r\n                        <\/div>\r\n                                            <div class=\"references__ligne\">\r\n                            <div class=\"annees\">2021<\/div>\r\n                            <div class=\"titre\"><a href=\"https:\/\/www.construction21.org\/france\/articles\/h\/les-pratiques-conventionnelles-de-l-amenagement-fondees-sur-la-nature-repondent-elles-a-l-adaptation-au-changement-climatique.html target=\"_blank\">Les pratiques conventionnelles de l\u2019am\u00e9nagement fond\u00e9es sur la nature r\u00e9pondent\u2010elles \u00e0 l\u2019adaptation au changement climatique ?<\/a><\/div>\r\n                            <div class=\"type-media\">Construction21<\/div>\r\n                            <div class=\"auteur\">Selouane, K.<\/div>\r\n                        <\/div>\r\n                                            <div class=\"references__ligne\">\r\n                            <div class=\"annees\">2021<\/div>\r\n                            <div class=\"titre\">Retour d\u2019exp\u00e9rience sur le risque aux fortes chaleurs en milieu urbain dense, sur Lyon et Tokyo : couplage de la mod\u00e9lisation et de la m\u00e9trologie de la surchauffe urbaine et analyses des vuln\u00e9rabilit\u00e9s territoriales<\/div>\r\n                            <div class=\"type-media\">Climat urbain entre urbanisation et al\u00e9as \/ changements climatiques<\/div>\r\n                            <div class=\"auteur\">Alonso, L., Renard, F., Comby, J., Selouane, K., Soto, D.<\/div>\r\n                        <\/div>\r\n                                            <div class=\"references__ligne\">\r\n                            <div class=\"annees\">2021<\/div>\r\n                            <div class=\"titre\">The Resilience Performance Assessment (RPA), an innovative solution to measure the adaptation and mitigation investments for infrastructures, buildings and territories<\/div>\r\n                            <div class=\"type-media\">Climat urbain entre urbanisation et al\u00e9as \/ changements climatiques<\/div>\r\n                            <div class=\"auteur\">Soto, D., Alonso, L., Gonzva, M., Hu, F.Y., Sohouenou, P., Vignote, C., Ziv, N., Selouane, K.<\/div>\r\n                        <\/div>\r\n                                            <div class=\"references__ligne\">\r\n                            <div class=\"annees\">2021<\/div>\r\n                            <div class=\"titre\"><a href=\"https:\/\/storage.googleapis.com\/wp-static\/wp_ccri\/6dea3e47-ccri_riskandresilience_26.11.2021.pdf target=\"_blank\">Risk and Resilience : Addressing physical climate risks in infrastructure investme<\/a><\/div>\r\n                            <div class=\"type-media\">CCRI<\/div>\r\n                            <div class=\"auteur\">Contribution de Selouane, K.<\/div>\r\n                        <\/div>\r\n                                            <div class=\"references__ligne\">\r\n                            <div class=\"annees\">2021<\/div>\r\n                            <div class=\"titre\"><a href=\"https:\/\/www.editions-rgra.com\/revue\/984\/recherche-et-innovation\/adaptation-des-infrastructures-au-changement-climatique target=\"_blank\">Adaptation des infrastructures au changement climatique &#8211; D\u00e9veloppement d\u2019une approche territoriale et syst\u00e9mique<\/a><\/div>\r\n                            <div class=\"type-media\">Revue G\u00e9n\u00e9rale des Routes et de l\u2019Am\u00e9nagement<\/div>\r\n                            <div class=\"auteur\">Gonzva, M., Soto, D., Selouane, K<\/div>\r\n                        <\/div>\r\n                                            <div class=\"references__ligne\">\r\n                            <div class=\"annees\">2021<\/div>\r\n                            <div class=\"titre\">Impact of climate change and challenge for hydraulic infrastructures<\/div>\r\n                            <div class=\"type-media\"> Actes du colloque HydroES 2021<\/div>\r\n                            <div class=\"auteur\">Selouane, K., Ziaei Yekta, S., Mogenier C., Frappin P.<\/div>\r\n                        <\/div>\r\n                                            <div class=\"references__ligne\">\r\n                            <div class=\"annees\">2021<\/div>\r\n                            <div class=\"titre\"><a href=\"https:\/\/storage.googleapis.com\/wp-static\/wp_ccri\/6dea3e47-ccri_riskandresilience_26.11.2021.pdf target=\"_blank\">Risk and Resilience : addressing physical climate risks in infrastructure investment<\/a><\/div>\r\n                            <div class=\"type-media\">Coalition for Climate Resilient Investment <\/div>\r\n                            <div class=\"auteur\">Contribution de Selouane, K.<\/div>\r\n                        <\/div>\r\n                                            <div class=\"references__ligne\">\r\n                            <div class=\"annees\">2021<\/div>\r\n                            <div class=\"titre\"><a href=\"https:\/\/globalabc.org\/sites\/default\/files\/2021-02\/Buildings%20and%20Climate%20Change%20Adaptation%20-%20FULL.pdf target=\"_blank\">Buildings and Climate Change Adaptation: A Call for Action<\/a><\/div>\r\n                            <div class=\"type-media\">Global ABC<\/div>\r\n                            <div class=\"auteur\">RESALLIENCE<\/div>\r\n                        <\/div>\r\n                                            <div class=\"references__ligne\">\r\n                            <div class=\"annees\">2021<\/div>\r\n                            <div class=\"titre\"><a href=\"https:\/\/www.epe-asso.org\/la-mer-nouvelle-frontiere-pour-lenvironnement-et-leconomie-mai-2021\/ target=\"_blank\">La mer, nouvelle fronti\u00e8re pour l&#8217;environnement et l&#8217;\u00e9conomie<\/a><\/div>\r\n                            <div class=\"type-media\">Entreprises pour l&#8217;Environnement<\/div>\r\n                            <div class=\"auteur\">RESALLIENCE<\/div>\r\n                        <\/div>\r\n                                            <div class=\"references__ligne\">\r\n                            <div class=\"annees\">2020<\/div>\r\n                            <div class=\"titre\"><a href=\"https:\/\/journal.augc.asso.fr\/index.php\/ajce\/article\/view\/645\/1769 target=\"_blank\">Approche m\u00e9thodologique d\u00e9di\u00e9e \u00e0 l\u2019adaptation des infrastructures au changement climatique \u2013 Cas des infrastructures routi\u00e8res et ferroviaires<\/a><\/div>\r\n                            <div class=\"type-media\">Revue Universitaire de G\u00e9nie Civil<\/div>\r\n                            <div class=\"auteur\">Gonzva, M., Soto, D., Selouane, K., <\/div>\r\n                        <\/div>\r\n                                            <div class=\"references__ligne\">\r\n                            <div class=\"annees\">2020<\/div>\r\n                            <div class=\"titre\"><a href=\"https:\/\/globalabc.org\/sites\/default\/files\/2022-11\/FULL%20REPORT_2022%20Buildings-GSR_1.pdf target=\"_blank\">Global Status Report For Buildings and Construction<\/a><\/div>\r\n                            <div class=\"type-media\">United Nations Environment Programme<\/div>\r\n                            <div class=\"auteur\">Selouane, K. <\/div>\r\n                        <\/div>\r\n                                            <div class=\"references__ligne\">\r\n                            <div class=\"annees\">2020<\/div>\r\n                            <div class=\"titre\"><a href=\"https:\/\/www.egfbtp.com\/wp-content\/uploads\/2021\/01\/EGF.BIM-2020.bd-VF-1.pdf target=\"_blank\">Mod\u00e9liser les \u00eelots de chaleur urbains<\/a><\/div>\r\n                            <div class=\"type-media\">Conduite de projets en BIM<\/div>\r\n                            <div class=\"auteur\">Soto, D. <\/div>\r\n                        <\/div>\r\n                                            <div class=\"references__ligne\">\r\n                            <div class=\"annees\">2020<\/div>\r\n                            <div class=\"titre\"><a href=\"https:\/\/www.egfbtp.com\/wp-content\/uploads\/2021\/01\/EGF.BIM-2020.bd-VF-1.pdf target=\"_blank\">Utiliser un syst\u00e8me d\u2019information g\u00e9ographique pour faciliter le recyclage\/r\u00e9emploi des d\u00e9chets<\/a><\/div>\r\n                            <div class=\"type-media\">Conduite de projets en BIM<\/div>\r\n                            <div class=\"auteur\">Selouane, K. <\/div>\r\n                        <\/div>\r\n                                            <div class=\"references__ligne\">\r\n                            <div class=\"annees\">2020<\/div>\r\n                            <div class=\"titre\"><a href=\"https:\/\/www.egfbtp.com\/wp-content\/uploads\/2021\/01\/EGF.BIM-2020.bd-VF-1.pdf target=\"_blank\">Dimensionner les ouvrages hydrauliques gr\u00e2ce au syst\u00e8me d\u2019informations g\u00e9ographiques (SIG) <\/a><\/div>\r\n                            <div class=\"type-media\">Conduite de projets en BIM<\/div>\r\n                            <div class=\"auteur\">Selouane, K. <\/div>\r\n                        <\/div>\r\n                                            <div class=\"references__ligne\">\r\n                            <div class=\"annees\">2020<\/div>\r\n                            <div class=\"titre\"><a href=\"https:\/\/www.construction21.org\/france\/articles\/h\/dossier-afrique-pression-demographique-besoin-infrastructures-quel-financement-adaptation-changement-climatique.html target=\"_blank\">Pression d\u00e9mographique et besoin d\u2019infrastructure des villes africaines : quels financements pour l\u2019adaptation au changement climatique ?<\/a><\/div>\r\n                            <div class=\"type-media\">Construction21<\/div>\r\n                            <div class=\"auteur\">Selouane, K. <\/div>\r\n                        <\/div>\r\n                                            <div class=\"references__ligne\">\r\n                            <div class=\"annees\">2020<\/div>\r\n                            <div class=\"titre\"><a href=\"https:\/\/alters-media.fr\/2020\/12\/03\/pourquoi-je-salue-la-naissance-de-cette-revue\/ target=\"_blank\">Pourquoi je salue la naissance de cette revue !<\/a><\/div>\r\n                            <div class=\"type-media\">Alters M\u00e9dia<\/div>\r\n                            <div class=\"auteur\">Selouane, K. <\/div>\r\n                        <\/div>\r\n                                            <div class=\"references__ligne\">\r\n                            <div class=\"annees\">2019<\/div>\r\n                            <div class=\"titre\"><a href=\"https:\/\/www.editions-rgra.com\/revue\/961\/entretien\/adapter-les-infrastructures-de-transport target=\"_blank\">Adapter les infrastructures de transport pour am\u00e9liorer la r\u00e9silience des territoires<\/a><\/div>\r\n                            <div class=\"type-media\">Revue G\u00e9n\u00e9rale des Routes et de l\u2019Am\u00e9nagement,<\/div>\r\n                            <div class=\"auteur\">Selouane, K., Soto, D., Gonzva, M. <\/div>\r\n                        <\/div>\r\n                                            <div class=\"references__ligne\">\r\n                            <div class=\"annees\">2019<\/div>\r\n                            <div class=\"titre\">echnologies et g\u00e9nie urbain fran\u00e7ais \u2013 Le dialogue des territoires avec les industriels de la ville<\/div>\r\n                            <div class=\"type-media\">\u00c9ditions du Moniteur<\/div>\r\n                            <div class=\"auteur\">Selouane, K., <\/div>\r\n                        <\/div>\r\n                                            <div class=\"references__ligne\">\r\n                            <div class=\"annees\">2019<\/div>\r\n                            <div class=\"titre\"><a href=\"https:\/\/www.construction21.org\/france\/articles\/h\/16-villes-du-sahara-un-imperatif-de-resilience-face-au-changement-climatique.html target=\"_blank\">Villes du Sahara : Un imp\u00e9ratif de r\u00e9silience face au changement climatique<\/a><\/div>\r\n                            <div class=\"type-media\">Construction21<\/div>\r\n                            <div class=\"auteur\">Selouane, K., <\/div>\r\n                        <\/div>\r\n                                            <div class=\"references__ligne\">\r\n                            <div class=\"annees\">2018<\/div>\r\n                            <div class=\"titre\">La r\u00e9silience face aux vuln\u00e9rabilit\u00e9s des territoires<\/div>\r\n                            <div class=\"type-media\">Revue Pr\u00e9ventique<\/div>\r\n                            <div class=\"auteur\">Selouane, K<\/div>\r\n                        <\/div>\r\n                                            <div class=\"references__ligne\">\r\n                            <div class=\"annees\">2018<\/div>\r\n                            <div class=\"titre\"><a href=\"https:\/\/www.construction21.org\/france\/articles\/h\/la-resilience-des-batiments-des-infrastructures-et-des-territoires.html target=\"_blank\">La r\u00e9silience des b\u00e2timents, des infrastructures et des territoires : du global au local en passant par une ing\u00e9nierie syst\u00e9mique<\/a><\/div>\r\n                            <div class=\"type-media\">Construction21<\/div>\r\n                            <div class=\"auteur\">Selouane, K<\/div>\r\n                        <\/div>\r\n                                    <\/div>\r\n                    <\/div>\r\n    <\/div>\r\n<\/section>","protected":false},"excerpt":{"rendered":"","protected":false},"author":1,"featured_media":302,"parent":1007,"menu_order":0,"comment_status":"closed","ping_status":"closed","template":"","meta":{"_acf_changed":false,"_crdt_document":"","footnotes":""},"class_list":["post-2184","page","type-page","status-publish","has-post-thumbnail","hentry"],"acf":[],"_links":{"self":[{"href":"https:\/\/www.resallience.com\/en\/wp-json\/wp\/v2\/pages\/2184","targetHints":{"allow":["GET"]}}],"collection":[{"href":"https:\/\/www.resallience.com\/en\/wp-json\/wp\/v2\/pages"}],"about":[{"href":"https:\/\/www.resallience.com\/en\/wp-json\/wp\/v2\/types\/page"}],"author":[{"embeddable":true,"href":"https:\/\/www.resallience.com\/en\/wp-json\/wp\/v2\/users\/1"}],"replies":[{"embeddable":true,"href":"https:\/\/www.resallience.com\/en\/wp-json\/wp\/v2\/comments?post=2184"}],"version-history":[{"count":5,"href":"https:\/\/www.resallience.com\/en\/wp-json\/wp\/v2\/pages\/2184\/revisions"}],"predecessor-version":[{"id":3142,"href":"https:\/\/www.resallience.com\/en\/wp-json\/wp\/v2\/pages\/2184\/revisions\/3142"}],"up":[{"embeddable":true,"href":"https:\/\/www.resallience.com\/en\/wp-json\/wp\/v2\/pages\/1007"}],"wp:featuredmedia":[{"embeddable":true,"href":"https:\/\/www.resallience.com\/en\/wp-json\/wp\/v2\/media\/302"}],"wp:attachment":[{"href":"https:\/\/www.resallience.com\/en\/wp-json\/wp\/v2\/media?parent=2184"}],"curies":[{"name":"wp","href":"https:\/\/api.w.org\/{rel}","templated":true}]}}